{"id":4699,"date":"2020-12-17T09:41:24","date_gmt":"2020-12-17T08:41:24","guid":{"rendered":"https:\/\/www.rc-electronics.eu\/?page_id=4699"},"modified":"2022-03-23T10:36:23","modified_gmt":"2022-03-23T09:36:23","slug":"accessories-gliding","status":"publish","type":"page","link":"https:\/\/www.rc-electronics.eu\/de\/accessories-gliding\/","title":{"rendered":"Accessories &#8211; gliding"},"content":{"rendered":"<p>[vc_row css=&#8221;.vc_custom_1632736350538{margin-top: -50px !important;border-bottom-width: 1px !important;border-bottom-color: #757575 !important;border-bottom-style: solid !important;}&#8221;][vc_column][vc_custom_heading text=&#8221;Bluetooth-Modul&#8221; font_container=&#8221;tag:h2|font_size:18|text_align:left|color:%233b5aa9&#8243; google_fonts=&#8221;font_family:Open%20Sans%3A300%2C300italic%2Cregular%2Citalic%2C600%2C600italic%2C700%2C700italic%2C800%2C800italic|font_style:600%20bold%20regular%3A600%3Anormal&#8221;][vc_row_inner][vc_column_inner width=&#8221;1\/4&#8243;][vc_single_image image=&#8221;4660&#8243; img_size=&#8221;full&#8221; alignment=&#8221;center&#8221;][\/vc_column_inner][vc_column_inner width=&#8221;2\/4&#8243;][vc_column_text]Das Bluetooth-Modul f\u00fcr die FenixS Varioeinheit.<\/p>\n<p>&nbsp;<\/p>\n<p>Mit diesem Modul ist es m\u00f6glich das FenixS mit der<\/p>\n<p>Kn\u00fcppelfernsteuerung , einem Oudie oder einem<\/p>\n<p>Android Ger\u00e4t zu verbinden.<\/p>\n<p>&nbsp;<\/p>\n<p>Wenn ein Flarm an das FenixS angeschlossen ist, werden<\/p>\n<p>dessen Daten an das verbundene Oudie oder<\/p>\n<p>Android Ger\u00e4t \u00fcbertragen.[\/vc_column_text][\/vc_column_inner][vc_column_inner width=&#8221;1\/4&#8243;][vc_raw_html]JTNDZGl2JTIwYWxpZ24lM0QlMjJyaWdodCUyMiUzRSUwQSUzQ2RpdiUyMGNsYXNzJTNEJTIyaWNvbm1hbnVhbCUyMiUzRSUzQ2ElMjBocmVmJTNEJTIyaHR0cHMlM0ElMkYlMkZ3d3cucmMtZWxlY3Ryb25pY3MuZXUlMkZkZSUyRnByb2R1a3QlMkZidF9tb2R1bGUlMkYlMjIlM0UlM0NpbWclMjBzcmMlM0QlMjJodHRwcyUzQSUyRiUyRnd3dy5yYy1lbGVjdHJvbmljcy5ldSUyRndwLWNvbnRlbnQlMkZ1cGxvYWRzJTJGMjAxOSUyRjAxJTJGQnV5X2dyZWVuLnBuZyUyMiUyMHdpZHRoJTNEJTIyNjBweCUyMiUyMGFsdCUzRCUyMkNhcmQlMjBCYWNrJTIyJTNFJTNDaW1nJTIwc3JjJTNEJTIyaHR0cHMlM0ElMkYlMkZ3d3cucmMtZWxlY3Ryb25pY3MuZXUlMkZ3cC1jb250ZW50JTJGdXBsb2FkcyUyRjIwMTklMkYwMSUyRkJ1eV9ibHVlLnBuZyUyMiUyMHdpZHRoJTNEJTIyNjBweCUyMiUyMGNsYXNzJTNEJTIyaW1nLXRvcCUyMiUyMGFsdCUzRCUyMkNhcmQlMjBGcm9udCUyMiUzRSUzQyUyRmElM0UlM0MlMkZkaXYlM0UlMEElM0MlMkZkaXYlM0U=[\/vc_raw_html][\/vc_column_inner][\/vc_row_inner][vc_empty_space height=&#8221;15px&#8221;][\/vc_column][\/vc_row][vc_row css=&#8221;.vc_custom_1632736350538{margin-top: -50px !important;border-bottom-width: 1px !important;border-bottom-color: #757575 !important;border-bottom-style: solid !important;}&#8221;][vc_column][vc_custom_heading text=&#8221;Kn\u00fcppelfernsteuerung&#8221; font_container=&#8221;tag:h2|font_size:18|text_align:left|color:%233b5aa9&#8243; google_fonts=&#8221;font_family:Open%20Sans%3A300%2C300italic%2Cregular%2Citalic%2C600%2C600italic%2C700%2C700italic%2C800%2C800italic|font_style:600%20bold%20regular%3A600%3Anormal&#8221;][vc_row_inner][vc_column_inner width=&#8221;1\/4&#8243;][vc_single_image image=&#8221;4621&#8243; img_size=&#8221;full&#8221; alignment=&#8221;center&#8221;][\/vc_column_inner][vc_column_inner width=&#8221;2\/4&#8243;][vc_column_text]Mit der Kn\u00fcppelfernsteuerung kannst du dein Fenix Ger\u00e4t<\/p>\n<p>\u00fcber Bluetooth bedienen.<\/p>\n<p>&nbsp;<\/p>\n<p>Es gibt sie f\u00fcr die \u00fcblichen Durchmesser verschiedener<\/p>\n<p>Steuerkn\u00fcppel.[\/vc_column_text][\/vc_column_inner][vc_column_inner width=&#8221;1\/4&#8243;][vc_raw_html]JTNDZGl2JTIwYWxpZ24lM0QlMjJyaWdodCUyMiUzRSUwQSUzQ2RpdiUyMGNsYXNzJTNEJTIyaWNvbm1hbnVhbCUyMiUzRSUzQ2ElMjBocmVmJTNEJTIyaHR0cHMlM0ElMkYlMkZ3d3cucmMtZWxlY3Ryb25pY3MuZXUlMkZkZSUyRnByb2R1a3QlMkZyZW1vdGUlMkYlMjIlM0UlM0NpbWclMjBzcmMlM0QlMjJodHRwcyUzQSUyRiUyRnd3dy5yYy1lbGVjdHJvbmljcy5ldSUyRndwLWNvbnRlbnQlMkZ1cGxvYWRzJTJGMjAxOSUyRjAxJTJGQnV5X2dyZWVuLnBuZyUyMiUyMHdpZHRoJTNEJTIyNjBweCUyMiUyMGFsdCUzRCUyMkNhcmQlMjBCYWNrJTIyJTNFJTNDaW1nJTIwc3JjJTNEJTIyaHR0cHMlM0ElMkYlMkZ3d3cucmMtZWxlY3Ryb25pY3MuZXUlMkZ3cC1jb250ZW50JTJGdXBsb2FkcyUyRjIwMTklMkYwMSUyRkJ1eV9ibHVlLnBuZyUyMiUyMHdpZHRoJTNEJTIyNjBweCUyMiUyMGNsYXNzJTNEJTIyaW1nLXRvcCUyMiUyMGFsdCUzRCUyMkNhcmQlMjBGcm9udCUyMiUzRSUzQyUyRmElM0UlM0MlMkZkaXYlM0UlMEElM0MlMkZkaXYlM0U=[\/vc_raw_html][\/vc_column_inner][\/vc_row_inner][vc_empty_space height=&#8221;15px&#8221;][\/vc_column][\/vc_row]<\/p>\n","protected":false},"excerpt":{"rendered":"<p>[vc_row css=&#8221;.vc_custom_1632736350538{margin-top: -50px !important;border-bottom-width: 1px !important;border-bottom-color: #757575 !important;border-bottom-style: solid !important;}&#8221;][vc_column][vc_custom_heading text=&#8221;Bluetooth-Modul&#8221; font_container=&#8221;tag:h2|font_size:18|text_align:left|color:%233b5aa9&#8243; google_fonts=&#8221;font_family:Open%20Sans%3A300%2C300italic%2Cregular%2Citalic%2C600%2C600italic%2C700%2C700italic%2C800%2C800italic|font_style:600%20bold%20regular%3A600%3Anormal&#8221;][vc_row_inner][vc_column_inner width=&#8221;1\/4&#8243;][vc_single_image image=&#8221;4660&#8243; img_size=&#8221;full&#8221; alignment=&#8221;center&#8221;][\/vc_column_inner][vc_column_inner width=&#8221;2\/4&#8243;][vc_column_text]Das Bluetooth-Modul f\u00fcr die FenixS Varioeinheit. &nbsp; Mit diesem Modul ist es m\u00f6glich das FenixS mit der Kn\u00fcppelfernsteuerung , einem Oudie oder einem Android Ger\u00e4t zu verbinden. &nbsp; Wenn ein Flarm an das FenixS angeschlossen ist, werden dessen&hellip;<\/p>\n","protected":false},"author":1,"featured_media":0,"parent":0,"menu_order":0,"comment_status":"closed","ping_status":"closed","template":"template-microsite.php","meta":[],"_links":{"self":[{"href":"https:\/\/www.rc-electronics.eu\/de\/wp-json\/wp\/v2\/pages\/4699"}],"collection":[{"href":"https:\/\/www.rc-electronics.eu\/de\/wp-json\/wp\/v2\/pages"}],"about":[{"href":"https:\/\/www.rc-electronics.eu\/de\/wp-json\/wp\/v2\/types\/page"}],"author":[{"embeddable":true,"href":"https:\/\/www.rc-electronics.eu\/de\/wp-json\/wp\/v2\/users\/1"}],"replies":[{"embeddable":true,"href":"https:\/\/www.rc-electronics.eu\/de\/wp-json\/wp\/v2\/comments?post=4699"}],"version-history":[{"count":6,"href":"https:\/\/www.rc-electronics.eu\/de\/wp-json\/wp\/v2\/pages\/4699\/revisions"}],"predecessor-version":[{"id":4829,"href":"https:\/\/www.rc-electronics.eu\/de\/wp-json\/wp\/v2\/pages\/4699\/revisions\/4829"}],"wp:attachment":[{"href":"https:\/\/www.rc-electronics.eu\/de\/wp-json\/wp\/v2\/media?parent=4699"}],"curies":[{"name":"wp","href":"https:\/\/api.w.org\/{rel}","templated":true}]}}