{"id":4787,"date":"2019-02-20T10:36:06","date_gmt":"2019-02-20T09:36:06","guid":{"rendered":"https:\/\/www.rc-electronics.eu\/about-us\/"},"modified":"2022-03-24T17:58:00","modified_gmt":"2022-03-24T16:58:00","slug":"ueber-uns","status":"publish","type":"page","link":"https:\/\/www.rc-electronics.eu\/de\/ueber-uns\/","title":{"rendered":"\u00dcber Uns"},"content":{"rendered":"<p>[vc_row][vc_column width=&#8221;1\/2&#8243;][vc_column_text]RC Electronics d.o.o.<br \/>\nOtemna 1c<br \/>\n3201 \u0160martno v Ro\u017eni dolini<br \/>\nSlovenija<\/p>\n<p>D\u0160: SI57562083<br \/>\nMati\u010dna \u0161t. 8666229000<br \/>\nTRR: SI56 1010 0005 8508 746 (Banka Intesa Sanpaolo d.d.)[\/vc_column_text][\/vc_column][vc_column width=&#8221;1\/2&#8243;]<div role=\"form\" class=\"wpcf7\" id=\"wpcf7-f4838-o1\" lang=\"en-US\" dir=\"ltr\">\n<div class=\"screen-reader-response\"><p role=\"status\" aria-live=\"polite\" aria-atomic=\"true\"><\/p> <ul><\/ul><\/div>\n<form action=\"\/de\/wp-json\/wp\/v2\/pages\/4787#wpcf7-f4838-o1\" method=\"post\" class=\"wpcf7-form init\" novalidate=\"novalidate\" data-status=\"init\">\n<div style=\"display: none;\">\n<input type=\"hidden\" name=\"_wpcf7\" value=\"4838\" \/>\n<input type=\"hidden\" name=\"_wpcf7_version\" value=\"5.6.4\" \/>\n<input type=\"hidden\" name=\"_wpcf7_locale\" value=\"en_US\" \/>\n<input type=\"hidden\" name=\"_wpcf7_unit_tag\" value=\"wpcf7-f4838-o1\" \/>\n<input type=\"hidden\" name=\"_wpcf7_container_post\" value=\"0\" \/>\n<input type=\"hidden\" name=\"_wpcf7_posted_data_hash\" value=\"\" \/>\n<\/div>\n<p><span class=\"wpcf7-form-control-wrap\" data-name=\"your-name\"><input type=\"text\" name=\"your-name\" value=\"\" size=\"40\" class=\"wpcf7-form-control wpcf7-text wpcf7-validates-as-required\" aria-required=\"true\" aria-invalid=\"false\" placeholder=\"Ihre Name\" \/><\/span><br \/>\n<span class=\"wpcf7-form-control-wrap\" data-name=\"your-email\"><input type=\"email\" name=\"your-email\" value=\"\" size=\"40\" class=\"wpcf7-form-control wpcf7-text wpcf7-email wpcf7-validates-as-required wpcf7-validates-as-email\" aria-required=\"true\" aria-invalid=\"false\" placeholder=\"Ihre E-Mail-Adresse\" \/><\/span><br \/>\n<span class=\"wpcf7-form-control-wrap\" data-name=\"your-message\"><textarea name=\"your-message\" cols=\"4\" rows=\"2\" class=\"wpcf7-form-control wpcf7-textarea\" aria-invalid=\"false\" placeholder=\"Ihre Nachricht\"><\/textarea><\/span><br \/>\nf\u00fcnf plus vier<br \/>\n<span class=\"wpcf7-form-control-wrap\" data-name=\"number-561\"><input type=\"number\" name=\"number-561\" value=\"\" class=\"wpcf7-form-control wpcf7-number wpcf7-validates-as-required wpcf7-validates-as-number\" min=\"9\" max=\"9\" aria-required=\"true\" aria-invalid=\"false\" \/><\/span><br \/>\n<input type=\"submit\" value=\"Senden\" class=\"wpcf7-form-control has-spinner wpcf7-submit\" \/><\/p>\n<div class=\"wpcf7-response-output\" aria-hidden=\"true\"><\/div><\/form><\/div>[\/vc_column][\/vc_row][vc_row][vc_column][vc_empty_space][\/vc_column][\/vc_row][vc_row][vc_column][vc_column_text]<\/p>\n<p style=\"text-align: center;\"><span style=\"font-family: Verdana;\">RC Electronics d.o.o. obiskovalce spletne strani ter potencialne in \u017ee obstoje\u010de stranke, ki imajo status potro\u0161nika v smislu prvega odstavka 4. \u010dlena ZIsRPS, v skladu s tretjim odstavkom 32. \u010dlena ZIsRPS obve\u0161\u010da, da ne priznava nobenega izvajalca IRPS kot pristojnega za re\u0161evanje potro\u0161ni\u0161kega spora, ki ga potro\u0161nik lahko za\u010dne v skladu s tem zakonom, kar pomeni, da se morebitni spori, v primeru, da jih stranki ne uspeta re\u0161iti sporazumno, re\u0161ujejo pred pristojnim sodi\u0161\u010dem.<\/span><\/p>\n<p>[\/vc_column_text][\/vc_column][\/vc_row]<\/p>\n","protected":false},"excerpt":{"rendered":"<p>[vc_row][vc_column width=&#8221;1\/2&#8243;][vc_column_text]RC Electronics d.o.o. Otemna 1c 3201 \u0160martno v Ro\u017eni dolini Slovenija D\u0160: SI57562083 Mati\u010dna \u0161t. 8666229000 TRR: SI56 1010 0005 8508 746 (Banka Intesa Sanpaolo d.d.)[\/vc_column_text][\/vc_column][vc_column width=&#8221;1\/2&#8243;][\/vc_column][\/vc_row][vc_row][vc_column][vc_empty_space][\/vc_column][\/vc_row][vc_row][vc_column][vc_column_text] RC Electronics d.o.o. obiskovalce spletne strani ter potencialne in \u017ee obstoje\u010de stranke, ki imajo status potro\u0161nika v smislu prvega odstavka 4. \u010dlena ZIsRPS, v skladu s tretjim&hellip;<\/p>\n","protected":false},"author":1,"featured_media":0,"parent":0,"menu_order":0,"comment_status":"closed","ping_status":"closed","template":"template-microsite.php","meta":[],"_links":{"self":[{"href":"https:\/\/www.rc-electronics.eu\/de\/wp-json\/wp\/v2\/pages\/4787"}],"collection":[{"href":"https:\/\/www.rc-electronics.eu\/de\/wp-json\/wp\/v2\/pages"}],"about":[{"href":"https:\/\/www.rc-electronics.eu\/de\/wp-json\/wp\/v2\/types\/page"}],"author":[{"embeddable":true,"href":"https:\/\/www.rc-electronics.eu\/de\/wp-json\/wp\/v2\/users\/1"}],"replies":[{"embeddable":true,"href":"https:\/\/www.rc-electronics.eu\/de\/wp-json\/wp\/v2\/comments?post=4787"}],"version-history":[{"count":4,"href":"https:\/\/www.rc-electronics.eu\/de\/wp-json\/wp\/v2\/pages\/4787\/revisions"}],"predecessor-version":[{"id":4839,"href":"https:\/\/www.rc-electronics.eu\/de\/wp-json\/wp\/v2\/pages\/4787\/revisions\/4839"}],"wp:attachment":[{"href":"https:\/\/www.rc-electronics.eu\/de\/wp-json\/wp\/v2\/media?parent=4787"}],"curies":[{"name":"wp","href":"https:\/\/api.w.org\/{rel}","templated":true}]}}